{"id":132,"date":"2021-05-29T11:06:27","date_gmt":"2021-05-29T09:06:27","guid":{"rendered":"http:\/\/botoeko.pl\/?page_id=132"},"modified":"2021-05-29T11:06:27","modified_gmt":"2021-05-29T09:06:27","slug":"o-nas","status":"publish","type":"page","link":"http:\/\/botoeko.pl\/","title":{"rendered":"O nas"},"content":{"rendered":"\n<p>Jeste\u015bmy pr\u0119\u017cnie rozwijaj\u0105c\u0105 si\u0119 firm\u0105, zajmuj\u0105c\u0105 si\u0119 recyklingiem tworzyw sztucznych oraz zagospodarowaniem odpad\u00f3w. Posiadamy wszelkie wymagane prawem decyzje i zezwolenia administracyjne, umo\u017cliwiaj\u0105ce prawid\u0142owe        i zgodne z polskim, jak i europejskim prawem, prowadzenie recyklingu materia\u0142\u00f3w odpadowych. Nasz zak\u0142ad przetwarzania, wyposa\u017cony jest w specjalistyczne instalacje do przetwarzania odpad\u00f3w, dzi\u0119ki kt\u00f3rym odzyskujemy poszczeg\u00f3lne frakcje, powt\u00f3rnie wykorzystywane w r\u00f3\u017cnych ga\u0142\u0119ziach przemys\u0142u. Zawsze dzia\u0142amy w zgodzie               z zasadami ekologicznego podej\u015bcia do recyklingu a dzi\u0119ki wykorzystaniu najnowszych zdobyczy techniki, jeste\u015bmy      w stanie zaoferowa\u0107 naszym klientom towar najwy\u017cszej jako\u015bci. Bazuj\u0105c na zdobytej wiedzy i do\u015bwiadczeniu, naszym partnerom biznesowym s\u0142u\u017cymy r\u00f3wnie\u017c doradztwem z zakresu gospodarki odpadami.<\/p>\n\n\n\n<figure class=\"wp-block-gallery columns-3 is-cropped wp-block-gallery-1 is-layout-flex wp-block-gallery-is-layout-flex\"><ul class=\"blocks-gallery-grid\"><li class=\"blocks-gallery-item\"><figure><img loading=\"lazy\" decoding=\"async\" width=\"1024\" height=\"731\" src=\"http:\/\/botoeko.pl\/wp-content\/uploads\/2021\/05\/Botoeko-3-1024x731.jpg\" alt=\"\" data-id=\"124\" data-full-url=\"http:\/\/botoeko.pl\/wp-content\/uploads\/2021\/05\/Botoeko-3-scaled.jpg\" data-link=\"http:\/\/botoeko.pl\/?attachment_id=124\" class=\"wp-image-124\" srcset=\"http:\/\/botoeko.pl\/wp-content\/uploads\/2021\/05\/Botoeko-3-1024x731.jpg 1024w, http:\/\/botoeko.pl\/wp-content\/uploads\/2021\/05\/Botoeko-3-300x214.jpg 300w, http:\/\/botoeko.pl\/wp-content\/uploads\/2021\/05\/Botoeko-3-768x549.jpg 768w, http:\/\/botoeko.pl\/wp-content\/uploads\/2021\/05\/Botoeko-3-1536x1097.jpg 1536w, http:\/\/botoeko.pl\/wp-content\/uploads\/2021\/05\/Botoeko-3-2048x1463.jpg 2048w\" sizes=\"auto, (max-width: 1024px) 100vw, 1024px\" \/><\/figure><\/li><li class=\"blocks-gallery-item\"><figure><img loading=\"lazy\" decoding=\"async\" width=\"1024\" height=\"731\" src=\"http:\/\/botoeko.pl\/wp-content\/uploads\/2021\/05\/Botoeko-2-1024x731.jpg\" alt=\"\" data-id=\"123\" data-full-url=\"http:\/\/botoeko.pl\/wp-content\/uploads\/2021\/05\/Botoeko-2-scaled.jpg\" data-link=\"http:\/\/botoeko.pl\/?attachment_id=123\" class=\"wp-image-123\" srcset=\"http:\/\/botoeko.pl\/wp-content\/uploads\/2021\/05\/Botoeko-2-1024x731.jpg 1024w, http:\/\/botoeko.pl\/wp-content\/uploads\/2021\/05\/Botoeko-2-300x214.jpg 300w, http:\/\/botoeko.pl\/wp-content\/uploads\/2021\/05\/Botoeko-2-768x548.jpg 768w, http:\/\/botoeko.pl\/wp-content\/uploads\/2021\/05\/Botoeko-2-1536x1097.jpg 1536w, http:\/\/botoeko.pl\/wp-content\/uploads\/2021\/05\/Botoeko-2-2048x1462.jpg 2048w\" sizes=\"auto, (max-width: 1024px) 100vw, 1024px\" \/><\/figure><\/li><li class=\"blocks-gallery-item\"><figure><img loading=\"lazy\" decoding=\"async\" width=\"1024\" height=\"683\" src=\"http:\/\/botoeko.pl\/wp-content\/uploads\/2021\/05\/Botoeko-1-1024x683.jpg\" alt=\"\" data-id=\"122\" data-full-url=\"http:\/\/botoeko.pl\/wp-content\/uploads\/2021\/05\/Botoeko-1-scaled.jpg\" data-link=\"http:\/\/botoeko.pl\/?attachment_id=122\" class=\"wp-image-122\" srcset=\"http:\/\/botoeko.pl\/wp-content\/uploads\/2021\/05\/Botoeko-1-1024x683.jpg 1024w, http:\/\/botoeko.pl\/wp-content\/uploads\/2021\/05\/Botoeko-1-300x200.jpg 300w, http:\/\/botoeko.pl\/wp-content\/uploads\/2021\/05\/Botoeko-1-768x513.jpg 768w, http:\/\/botoeko.pl\/wp-content\/uploads\/2021\/05\/Botoeko-1-1536x1025.jpg 1536w, http:\/\/botoeko.pl\/wp-content\/uploads\/2021\/05\/Botoeko-1-2048x1367.jpg 2048w\" sizes=\"auto, (max-width: 1024px) 100vw, 1024px\" \/><\/figure><\/li><\/ul><\/figure>\n\n\n\n<p><\/p>\n","protected":false},"excerpt":{"rendered":"<div class=\"mh-excerpt\"><p>Jeste\u015bmy pr\u0119\u017cnie rozwijaj\u0105c\u0105 si\u0119 firm\u0105, zajmuj\u0105c\u0105 si\u0119 recyklingiem tworzyw sztucznych oraz zagospodarowaniem odpad\u00f3w. Posiadamy wszelkie wymagane prawem decyzje i zezwolenia administracyjne, umo\u017cliwiaj\u0105ce prawid\u0142owe i zgodne z polskim, jak i europejskim prawem, prowadzenie recyklingu materia\u0142\u00f3w odpadowych. Nasz zak\u0142ad przetwarzania, wyposa\u017cony jest w specjalistyczne instalacje do przetwarzania odpad\u00f3w, dzi\u0119ki kt\u00f3rym odzyskujemy poszczeg\u00f3lne frakcje, powt\u00f3rnie wykorzystywane w r\u00f3\u017cnych ga\u0142\u0119ziach przemys\u0142u. Zawsze dzia\u0142amy w zgodzie z zasadami ekologicznego podej\u015bcia do recyklingu a dzi\u0119ki wykorzystaniu najnowszych zdobyczy techniki, jeste\u015bmy w stanie zaoferowa\u0107 naszym klientom towar najwy\u017cszej jako\u015bci. Bazuj\u0105c na zdobytej wiedzy i do\u015bwiadczeniu, naszym partnerom biznesowym s\u0142u\u017cymy r\u00f3wnie\u017c doradztwem z zakresu gospodarki odpadami.<\/p>\n<\/div>","protected":false},"author":1,"featured_media":0,"parent":0,"menu_order":0,"comment_status":"closed","ping_status":"closed","template":"","meta":{"footnotes":""},"class_list":["post-132","page","type-page","status-publish","hentry"],"_links":{"self":[{"href":"http:\/\/botoeko.pl\/index.php?rest_route=\/wp\/v2\/pages\/132","targetHints":{"allow":["GET"]}}],"collection":[{"href":"http:\/\/botoeko.pl\/index.php?rest_route=\/wp\/v2\/pages"}],"about":[{"href":"http:\/\/botoeko.pl\/index.php?rest_route=\/wp\/v2\/types\/page"}],"author":[{"embeddable":true,"href":"http:\/\/botoeko.pl\/index.php?rest_route=\/wp\/v2\/users\/1"}],"replies":[{"embeddable":true,"href":"http:\/\/botoeko.pl\/index.php?rest_route=%2Fwp%2Fv2%2Fcomments&post=132"}],"version-history":[{"count":2,"href":"http:\/\/botoeko.pl\/index.php?rest_route=\/wp\/v2\/pages\/132\/revisions"}],"predecessor-version":[{"id":134,"href":"http:\/\/botoeko.pl\/index.php?rest_route=\/wp\/v2\/pages\/132\/revisions\/134"}],"wp:attachment":[{"href":"http:\/\/botoeko.pl\/index.php?rest_route=%2Fwp%2Fv2%2Fmedia&parent=132"}],"curies":[{"name":"wp","href":"https:\/\/api.w.org\/{rel}","templated":true}]}}